{"id":189,"date":"2024-04-08T15:11:54","date_gmt":"2024-04-08T13:11:54","guid":{"rendered":"https:\/\/www.metrilio.com\/?page_id=189"},"modified":"2024-05-14T13:31:31","modified_gmt":"2024-05-14T11:31:31","slug":"logiciels-e-rh","status":"publish","type":"page","link":"https:\/\/www.metrilio.com\/fr\/logiciels-e-rh\/","title":{"rendered":"Logiciels e-RH"},"content":{"rendered":"","protected":false},"excerpt":{"rendered":"","protected":false},"author":1,"featured_media":0,"parent":0,"menu_order":14,"comment_status":"closed","ping_status":"closed","template":"template-silos.blade.php","meta":{"_acf_changed":false,"footnotes":""},"class_list":["post-189","page","type-page","status-publish","hentry"],"acf":[],"yoast_head":"<!-- This site is optimized with the Yoast SEO plugin v27.4 - https:\/\/yoast.com\/product\/yoast-seo-wordpress\/ -->\n<title>Logiciels RH |Metrilio<\/title>\n<meta name=\"description\" content=\"D\u00e9couvrez Metrilio, sp\u00e9cialiste en logiciels RH innovants pour simplifier la gestion du personnel. D\u00e9mo et planification d\u2019appel possible\" \/>\n<meta name=\"robots\" content=\"index, follow, max-snippet:-1, max-image-preview:large, max-video-preview:-1\" \/>\n<link rel=\"canonical\" href=\"https:\/\/www.metrilio.com\/fr\/logiciels-e-rh\/\" \/>\n<meta property=\"og:locale\" content=\"fr_FR\" \/>\n<meta property=\"og:type\" content=\"article\" \/>\n<meta property=\"og:title\" content=\"Logiciels RH |Metrilio\" \/>\n<meta property=\"og:description\" content=\"D\u00e9couvrez Metrilio, sp\u00e9cialiste en logiciels RH innovants pour simplifier la gestion du personnel. D\u00e9mo et planification d\u2019appel possible\" \/>\n<meta property=\"og:url\" content=\"https:\/\/www.metrilio.com\/fr\/logiciels-e-rh\/\" \/>\n<meta property=\"og:site_name\" content=\"Metrilio\" \/>\n<meta property=\"article:modified_time\" content=\"2024-05-14T11:31:31+00:00\" \/>\n<meta property=\"og:image\" content=\"https:\/\/www.metrilio.com\/wp-content\/uploads\/2024\/04\/metrilio.jpg\" \/>\n\t<meta property=\"og:image:width\" content=\"1000\" \/>\n\t<meta property=\"og:image:height\" content=\"653\" \/>\n\t<meta property=\"og:image:type\" content=\"image\/jpeg\" \/>\n<meta name=\"twitter:card\" content=\"summary_large_image\" \/>\n<meta name=\"twitter:label1\" content=\"Dur\u00e9e de lecture est.\" \/>\n\t<meta name=\"twitter:data1\" content=\"1 minute\" \/>\n<script type=\"application\/ld+json\" class=\"yoast-schema-graph\">{\"@context\":\"https:\\\/\\\/schema.org\",\"@graph\":[{\"@type\":\"WebPage\",\"@id\":\"https:\\\/\\\/www.metrilio.com\\\/fr\\\/logiciels-e-rh\\\/\",\"url\":\"https:\\\/\\\/www.metrilio.com\\\/fr\\\/logiciels-e-rh\\\/\",\"name\":\"Logiciels RH |Metrilio\",\"isPartOf\":{\"@id\":\"https:\\\/\\\/www.metrilio.com\\\/fr\\\/#website\"},\"datePublished\":\"2024-04-08T13:11:54+00:00\",\"dateModified\":\"2024-05-14T11:31:31+00:00\",\"description\":\"D\u00e9couvrez Metrilio, sp\u00e9cialiste en logiciels RH innovants pour simplifier la gestion du personnel. D\u00e9mo et planification d\u2019appel possible\",\"breadcrumb\":{\"@id\":\"https:\\\/\\\/www.metrilio.com\\\/fr\\\/logiciels-e-rh\\\/#breadcrumb\"},\"inLanguage\":\"fr-BE\",\"potentialAction\":[{\"@type\":\"ReadAction\",\"target\":[\"https:\\\/\\\/www.metrilio.com\\\/fr\\\/logiciels-e-rh\\\/\"]}]},{\"@type\":\"BreadcrumbList\",\"@id\":\"https:\\\/\\\/www.metrilio.com\\\/fr\\\/logiciels-e-rh\\\/#breadcrumb\",\"itemListElement\":[{\"@type\":\"ListItem\",\"position\":1,\"name\":\"Home\",\"item\":\"https:\\\/\\\/www.metrilio.com\\\/fr\\\/\"},{\"@type\":\"ListItem\",\"position\":2,\"name\":\"Logiciels e-RH\"}]},{\"@type\":\"WebSite\",\"@id\":\"https:\\\/\\\/www.metrilio.com\\\/fr\\\/#website\",\"url\":\"https:\\\/\\\/www.metrilio.com\\\/fr\\\/\",\"name\":\"Metrilio\",\"description\":\"Des solutions SaaS RH personnalisables et intuitives\",\"publisher\":{\"@id\":\"https:\\\/\\\/www.metrilio.com\\\/fr\\\/#organization\"},\"potentialAction\":[{\"@type\":\"SearchAction\",\"target\":{\"@type\":\"EntryPoint\",\"urlTemplate\":\"https:\\\/\\\/www.metrilio.com\\\/fr\\\/?s={search_term_string}\"},\"query-input\":{\"@type\":\"PropertyValueSpecification\",\"valueRequired\":true,\"valueName\":\"search_term_string\"}}],\"inLanguage\":\"fr-BE\"},{\"@type\":\"Organization\",\"@id\":\"https:\\\/\\\/www.metrilio.com\\\/fr\\\/#organization\",\"name\":\"Metrilio\",\"url\":\"https:\\\/\\\/www.metrilio.com\\\/fr\\\/\",\"logo\":{\"@type\":\"ImageObject\",\"inLanguage\":\"fr-BE\",\"@id\":\"https:\\\/\\\/www.metrilio.com\\\/fr\\\/#\\\/schema\\\/logo\\\/image\\\/\",\"url\":\"\",\"contentUrl\":\"\",\"caption\":\"Metrilio\"},\"image\":{\"@id\":\"https:\\\/\\\/www.metrilio.com\\\/fr\\\/#\\\/schema\\\/logo\\\/image\\\/\"},\"sameAs\":[\"https:\\\/\\\/www.linkedin.com\\\/company\\\/metrilio\\\/\"]}]}<\/script>\n<!-- \/ Yoast SEO plugin. -->","yoast_head_json":{"title":"Logiciels RH |Metrilio","description":"D\u00e9couvrez Metrilio, sp\u00e9cialiste en logiciels RH innovants pour simplifier la gestion du personnel. D\u00e9mo et planification d\u2019appel possible","robots":{"index":"index","follow":"follow","max-snippet":"max-snippet:-1","max-image-preview":"max-image-preview:large","max-video-preview":"max-video-preview:-1"},"canonical":"https:\/\/www.metrilio.com\/fr\/logiciels-e-rh\/","og_locale":"fr_FR","og_type":"article","og_title":"Logiciels RH |Metrilio","og_description":"D\u00e9couvrez Metrilio, sp\u00e9cialiste en logiciels RH innovants pour simplifier la gestion du personnel. D\u00e9mo et planification d\u2019appel possible","og_url":"https:\/\/www.metrilio.com\/fr\/logiciels-e-rh\/","og_site_name":"Metrilio","article_modified_time":"2024-05-14T11:31:31+00:00","og_image":[{"width":1000,"height":653,"url":"https:\/\/www.metrilio.com\/wp-content\/uploads\/2024\/04\/metrilio.jpg","type":"image\/jpeg"}],"twitter_card":"summary_large_image","twitter_misc":{"Dur\u00e9e de lecture est.":"1 minute"},"schema":{"@context":"https:\/\/schema.org","@graph":[{"@type":"WebPage","@id":"https:\/\/www.metrilio.com\/fr\/logiciels-e-rh\/","url":"https:\/\/www.metrilio.com\/fr\/logiciels-e-rh\/","name":"Logiciels RH |Metrilio","isPartOf":{"@id":"https:\/\/www.metrilio.com\/fr\/#website"},"datePublished":"2024-04-08T13:11:54+00:00","dateModified":"2024-05-14T11:31:31+00:00","description":"D\u00e9couvrez Metrilio, sp\u00e9cialiste en logiciels RH innovants pour simplifier la gestion du personnel. D\u00e9mo et planification d\u2019appel possible","breadcrumb":{"@id":"https:\/\/www.metrilio.com\/fr\/logiciels-e-rh\/#breadcrumb"},"inLanguage":"fr-BE","potentialAction":[{"@type":"ReadAction","target":["https:\/\/www.metrilio.com\/fr\/logiciels-e-rh\/"]}]},{"@type":"BreadcrumbList","@id":"https:\/\/www.metrilio.com\/fr\/logiciels-e-rh\/#breadcrumb","itemListElement":[{"@type":"ListItem","position":1,"name":"Home","item":"https:\/\/www.metrilio.com\/fr\/"},{"@type":"ListItem","position":2,"name":"Logiciels e-RH"}]},{"@type":"WebSite","@id":"https:\/\/www.metrilio.com\/fr\/#website","url":"https:\/\/www.metrilio.com\/fr\/","name":"Metrilio","description":"Des solutions SaaS RH personnalisables et intuitives","publisher":{"@id":"https:\/\/www.metrilio.com\/fr\/#organization"},"potentialAction":[{"@type":"SearchAction","target":{"@type":"EntryPoint","urlTemplate":"https:\/\/www.metrilio.com\/fr\/?s={search_term_string}"},"query-input":{"@type":"PropertyValueSpecification","valueRequired":true,"valueName":"search_term_string"}}],"inLanguage":"fr-BE"},{"@type":"Organization","@id":"https:\/\/www.metrilio.com\/fr\/#organization","name":"Metrilio","url":"https:\/\/www.metrilio.com\/fr\/","logo":{"@type":"ImageObject","inLanguage":"fr-BE","@id":"https:\/\/www.metrilio.com\/fr\/#\/schema\/logo\/image\/","url":"","contentUrl":"","caption":"Metrilio"},"image":{"@id":"https:\/\/www.metrilio.com\/fr\/#\/schema\/logo\/image\/"},"sameAs":["https:\/\/www.linkedin.com\/company\/metrilio\/"]}]}},"_links":{"self":[{"href":"https:\/\/www.metrilio.com\/fr\/wp-json\/wp\/v2\/pages\/189","targetHints":{"allow":["GET"]}}],"collection":[{"href":"https:\/\/www.metrilio.com\/fr\/wp-json\/wp\/v2\/pages"}],"about":[{"href":"https:\/\/www.metrilio.com\/fr\/wp-json\/wp\/v2\/types\/page"}],"author":[{"embeddable":true,"href":"https:\/\/www.metrilio.com\/fr\/wp-json\/wp\/v2\/users\/1"}],"replies":[{"embeddable":true,"href":"https:\/\/www.metrilio.com\/fr\/wp-json\/wp\/v2\/comments?post=189"}],"version-history":[{"count":0,"href":"https:\/\/www.metrilio.com\/fr\/wp-json\/wp\/v2\/pages\/189\/revisions"}],"wp:attachment":[{"href":"https:\/\/www.metrilio.com\/fr\/wp-json\/wp\/v2\/media?parent=189"}],"curies":[{"name":"wp","href":"https:\/\/api.w.org\/{rel}","templated":true}]}}